{"id":1205,"date":"2018-09-11T13:42:30","date_gmt":"2018-09-11T17:42:30","guid":{"rendered":"https:\/\/flipfabrique.com\/industrie\/evenement-special\/"},"modified":"2025-04-23T14:35:29","modified_gmt":"2025-04-23T18:35:29","slug":"evenement-special","status":"publish","type":"page","link":"https:\/\/flipfabrique.com\/en\/industrie\/evenement-special\/","title":{"rendered":"Custom Corporate Event"},"content":{"rendered":"<div class=\"video-container\"><iframe loading=\"lazy\" title=\"FLIP Fabrique | Special Events\" width=\"500\" height=\"281\" src=\"https:\/\/www.youtube.com\/embed\/AjxhdcH89Fs?feature=oembed\" frameborder=\"0\" allow=\"accelerometer; autoplay; clipboard-write; encrypted-media; gyroscope; picture-in-picture; web-share\" referrerpolicy=\"strict-origin-when-cross-origin\" allowfullscreen><\/iframe><\/div>\n<h2>We do circus<\/h2>\n<p>FLIP Fabrique comes up with high quality fun shows, punctuated by breathtaking and truly elegant performances. Our inventive and dynamic teams know how to generate unforgettable moments coupled with a remarkable ability to have fun and move their audience. We give expression to life from life, from the heart to the heart, the body to the body.<\/p>\n<p>We create large-scale shows while maintaining our trademark warmth and accessibility. By surrounding ourselves with multidisciplinary designers and performers, we can fully realize the creation of an original event, or build a routine customized to fit with your ideas and your theme.<\/p>\n<h2>The possibilities? Endless.<\/h2>\n<p>FLIP is a passionate team, brimming with imagination. Put your project into our hands.<br \/>\n<a href=\"\/flip-wp?page_id=146\">Put your project into our hands<\/a>.<\/p>\n<h2>Productions<\/h2>\n<div class=\"person-list\"><div class=\"row no-gutters\"><div class=\"col-3\"><img decoding=\"async\" class=\"rounded-md d-block\" src=\"https:\/\/flipfabrique.com\/wp-content\/uploads\/2021\/10\/dsc6882archiveres1500-500x650.png\"><span class=\"text xlg font-weight-bold text-gray-md d-block mt-2 mt-md-4 mb-2\">Zephyr<\/span><\/div><div class=\"col-9 mt-0 mt-lg-2\"><p><strong>Zephyr &#8211; Grand th\u00e9\u00e2tre de Qu\u00e9bec<\/strong><br \/>\nPresented by Orchestre symphonique de Qu\u00e9bec<\/p>\n<p>For this innovative concert, the FLIP Fabrique artists bring the carnival feeling of Stavinsky\u2019s Petrouchka to life. Circus art and music integrates to create a whole new lively experience.<\/p>\n<p>Director: Olivier L\u00e9pine<\/p>\n<p>&nbsp;<\/p>\n<div class=\"video-container\"><iframe loading=\"lazy\" title=\"FLIP Fabrique &amp; Les Violons du Roy | Z\u00e9phyr - Bande-annonce\" width=\"500\" height=\"281\" src=\"https:\/\/www.youtube.com\/embed\/EJnElJ16_Mc?feature=oembed\" frameborder=\"0\" allow=\"accelerometer; autoplay; clipboard-write; encrypted-media; gyroscope; picture-in-picture; web-share\" referrerpolicy=\"strict-origin-when-cross-origin\" allowfullscreen><\/iframe><\/div>\n<\/div><\/div><div class=\"row no-gutters\"><div class=\"col-3\"><img decoding=\"async\" class=\"rounded-md d-block\" src=\"https:\/\/flipfabrique.com\/wp-content\/uploads\/2022\/02\/258316329101597037391751198647768125571123624n-500x650.png\"><span class=\"text xlg font-weight-bold text-gray-md d-block mt-2 mt-md-4 mb-2\"> <\/span><\/div><div class=\"col-9 mt-0 mt-lg-2\"><p>Albert Bartlett Advertising campain<br \/>\nOur artists are the face of a major advertising campaign across the UK on behalf of Albert Bartlett. FLIP Fabrique also acted as acrobatic coordinator for the commercial shoot in London.<\/p>\n<div class=\"video-container\"><iframe loading=\"lazy\" title=\"Make It Extraordinary Albert Bartlett TV Ad 2021\" width=\"500\" height=\"281\" src=\"https:\/\/www.youtube.com\/embed\/IrSUS-KNBU4?feature=oembed\" frameborder=\"0\" allow=\"accelerometer; autoplay; clipboard-write; encrypted-media; gyroscope; picture-in-picture; web-share\" referrerpolicy=\"strict-origin-when-cross-origin\" allowfullscreen><\/iframe><\/div>\n<\/div><\/div><div class=\"row no-gutters\"><div class=\"col-3\"><img decoding=\"async\" class=\"rounded-md d-block\" src=\"https:\/\/flipfabrique.com\/wp-content\/uploads\/2021\/06\/flip-fabrique-passages-insolites-mobile-500x650.jpg\"><span class=\"text xlg font-weight-bold text-gray-md d-block mt-2 mt-md-4 mb-2\"> <\/span><\/div><div class=\"col-9 mt-0 mt-lg-2\"><p><strong>Les embuscades<\/strong><br \/>\n<em>In collaboration with Les passages insolites from Ex Muro<\/em><br \/>\nThe living arts have invaded the public art festival Les passages insolites. Our artists were present on the artistic course to ambush the spectators in an acrobatic way.<\/p>\n<div class=\"video-container\"><iframe loading=\"lazy\" title=\"FLIP Fabrique | Les passages insolites - Bande annonce\" width=\"500\" height=\"281\" src=\"https:\/\/www.youtube.com\/embed\/jfGFHl6fdwM?feature=oembed\" frameborder=\"0\" allow=\"accelerometer; autoplay; clipboard-write; encrypted-media; gyroscope; picture-in-picture; web-share\" referrerpolicy=\"strict-origin-when-cross-origin\" allowfullscreen><\/iframe><\/div>\n<\/div><\/div><div class=\"row no-gutters\"><div class=\"col-3\"><img decoding=\"async\" class=\"rounded-md d-block\" src=\"https:\/\/flipfabrique.com\/wp-content\/uploads\/2022\/02\/fabien-cloutier-500x650.jpg\"><span class=\"text xlg font-weight-bold text-gray-md d-block mt-2 mt-md-4 mb-2\"> <\/span><\/div><div class=\"col-9 mt-0 mt-lg-2\"><p><strong>ComedieHa! with Fabien Cloutier<\/strong><br \/>\n<em>ComediHa! Festival<\/em><br \/>\nTwice, FLIP Fabrique artists appeared during a gala of Fabien Cloutier for an act mixing stand up humor and acrobatics.<\/p>\n<\/div><\/div><div class=\"row no-gutters\"><div class=\"col-3\"><img decoding=\"async\" class=\"rounded-md d-block\" src=\"https:\/\/flipfabrique.com\/wp-content\/uploads\/2021\/08\/flip-fabrique-printemps-symphonique-osq.jpg\"><span class=\"text xlg font-weight-bold text-gray-md d-block mt-2 mt-md-4 mb-2\"> <\/span><\/div><div class=\"col-9 mt-0 mt-lg-2\"><p><strong>Printemps Syphonique 2021<\/strong><br \/>\n<em>Online event<\/em><br \/>\nFor the Orchestre Symphonique de Qu\u00e9bec annual fundraiser, FLIP Fabrique offered an explosive finale to the event with a trampo-mur act on the orchestra\u2019s music. FLIP Fabrique shared the stage with artists like Corneille, M\u00e9lissa B\u00e9dard and Fr\u00e9d\u00e9rick de Grandpr\u00e9 during this prestigious evening.<br \/>\n<iframe loading=\"lazy\" title=\"YouTube video player\" src=\"https:\/\/www.youtube.com\/embed\/qhaRnO4JE14\" width=\"560\" height=\"315\" frameborder=\"0\" allowfullscreen=\"allowfullscreen\"><\/iframe><\/p>\n<\/div><\/div><div class=\"row no-gutters\"><div class=\"col-3\"><img decoding=\"async\" class=\"rounded-md d-block\" src=\"https:\/\/flipfabrique.com\/wp-content\/uploads\/2021\/08\/flip-fabrique-momentum-technologies.jpg\"><span class=\"text xlg font-weight-bold text-gray-md d-block mt-2 mt-md-4 mb-2\">Momentum<\/span><\/div><div class=\"col-9 mt-0 mt-lg-2\"><p><strong>Momentum Technologies 18th birthday<\/strong><br \/>\n<em>Online event<\/em><br \/>\nTo celebrate its 18th birthday, Momentum Technologies offer its employees a circus performance, live from our studios. In the midst of the pandemic, FLIP Fabrique offered a fun way to celebrate with a circus twist.<\/p>\n<div class=\"video-container\"><iframe loading=\"lazy\" title=\"FLIP Fabrique | 18ans Momentum Technologies\" width=\"500\" height=\"281\" src=\"https:\/\/www.youtube.com\/embed\/1IzeZ5mJOCM?feature=oembed\" frameborder=\"0\" allow=\"accelerometer; autoplay; clipboard-write; encrypted-media; gyroscope; picture-in-picture; web-share\" referrerpolicy=\"strict-origin-when-cross-origin\" allowfullscreen><\/iframe><\/div>\n<\/div><\/div><div class=\"row no-gutters\"><div class=\"col-3\"><img decoding=\"async\" class=\"rounded-md d-block\" src=\"https:\/\/flipfabrique.com\/wp-content\/uploads\/2021\/08\/flip-fabrique-atelier-violons-du-roy.jpg\"><span class=\"text xlg font-weight-bold text-gray-md d-block mt-2 mt-md-4 mb-2\">Violons<\/span><\/div><div class=\"col-9 mt-0 mt-lg-2\"><p><strong>Workshops with les Violons du Roy<\/strong><br \/>\n<em>Primary schools in Qu\u00e9bec<\/em><br \/>\nCollaborating with les Violons du Roy FLIP Fabrique presented a series of workshops around the theme of Vivaldi\u2019s four seasons. Students could meet two professional artists, get initiated to both classical music and circus arts, even learn to juggle!<\/p>\n<p>&nbsp;<\/p>\n<div class=\"video-container\"><iframe loading=\"lazy\" title=\"FLIP Fabrique | Ateliers scolaires Violons du Roy\" width=\"500\" height=\"281\" src=\"https:\/\/www.youtube.com\/embed\/LR_m8nT-Aw4?feature=oembed\" frameborder=\"0\" allow=\"accelerometer; autoplay; clipboard-write; encrypted-media; gyroscope; picture-in-picture; web-share\" referrerpolicy=\"strict-origin-when-cross-origin\" allowfullscreen><\/iframe><\/div>\n<\/div><\/div><div class=\"row no-gutters\"><div class=\"col-3\"><img decoding=\"async\" class=\"rounded-md d-block\" src=\"https:\/\/flipfabrique.com\/wp-content\/uploads\/2021\/10\/flip-fabrique-fete-du-canada-500x650.jpg\"><span class=\"text xlg font-weight-bold text-gray-md d-block mt-2 mt-md-4 mb-2\">Canada<\/span><\/div><div class=\"col-9 mt-0 mt-lg-2\"><p><strong>Canada day in Ottawa<\/strong><br \/>\nMajor\u2019s Hill Park, Ottawa<br \/>\nFor the Canaday day festivities in Ottawa, FLIP Fabrique created a show celebrating Canada\u2019s diversity specially for the occasion. Presented under the sun during the whole weekend, the acrobatic acts, specially the trampo wall wowed the numerous families attending.<\/p>\n<\/div><\/div><div class=\"row no-gutters\"><div class=\"col-3\"><img decoding=\"async\" class=\"rounded-md d-block\" src=\"https:\/\/flipfabrique.com\/wp-content\/uploads\/2019\/06\/flip-fabrique-enfants-soleil-500x650.jpg\"><span class=\"text xlg font-weight-bold text-gray-md d-block mt-2 mt-md-4 mb-2\">Telethon<\/span><\/div><div class=\"col-9 mt-0 mt-lg-2\"><p><strong>T\u00e9l\u00e9thon Op\u00e9ration Enfant Soleil<\/strong><br \/>\nTVA<br \/>\nFor this outstanding televised fundraiser, FLIP Fabrique presented a tailor-made hand-to-hand act. The artists specially adapted their number to the song by Genevi\u00e8ve Jodoin to create a moment rich in emotions.<\/p>\n<div class=\"video-container\"><iframe loading=\"lazy\" title=\"FLIP Fabrique | T\u00e9l\u00e9thon Enfant Soleil avec Genevi\u00e8ve Jodoin\" width=\"500\" height=\"281\" src=\"https:\/\/www.youtube.com\/embed\/Ti2YKiUIJwg?feature=oembed\" frameborder=\"0\" allow=\"accelerometer; autoplay; clipboard-write; encrypted-media; gyroscope; picture-in-picture; web-share\" referrerpolicy=\"strict-origin-when-cross-origin\" allowfullscreen><\/iframe><\/div>\n<\/div><\/div><div class=\"row no-gutters\"><div class=\"col-3\"><img decoding=\"async\" class=\"rounded-md d-block\" src=\"https:\/\/flipfabrique.com\/wp-content\/uploads\/2021\/05\/flip-fabrique-8-500x650.jpg\"><span class=\"text xlg font-weight-bold text-gray-md d-block mt-2 mt-md-4 mb-2\">Carnaval<\/span><\/div><div class=\"col-9 mt-0 mt-lg-2\"><p><strong>Le D\u00e9fil\u00e9 de nuit du Carnaval de Qu\u00e9bec 2019 &amp; 2020<\/strong><br \/>\n<em>Grande All\u00e9e<\/em><\/p>\n<p>FLIP Fabrique created a spectacular show just for this occasion. Imagined by the troupe and created in collaboration with Les Ateliers du Carnaval, the biggest float in the parade history was build to feature the thirteen acrobats of the show.<\/p>\n<p>Director : Rapha\u00ebl Posadas<\/p>\n<div class=\"video-container\"><iframe loading=\"lazy\" title=\"FLIP Fabrique | D\u00e9fil\u00e9 du Carnaval de Qu\u00e9bec 2019 - Bande annonce\" width=\"500\" height=\"281\" src=\"https:\/\/www.youtube.com\/embed\/JRtmMQ5F20g?feature=oembed\" frameborder=\"0\" allow=\"accelerometer; autoplay; clipboard-write; encrypted-media; gyroscope; picture-in-picture; web-share\" referrerpolicy=\"strict-origin-when-cross-origin\" allowfullscreen><\/iframe><\/div>\n<\/div><\/div><div class=\"row no-gutters\"><div class=\"col-3\"><img decoding=\"async\" class=\"rounded-md d-block\" src=\"https:\/\/flipfabrique.com\/wp-content\/uploads\/2021\/10\/flip-fabrique-songe-d-une-nuit-d-ete-mobile-500x650.jpg\"><span class=\"text xlg font-weight-bold text-gray-md d-block mt-2 mt-md-4 mb-2\">songe<\/span><\/div><div class=\"col-9 mt-0 mt-lg-2\"><p><strong>Le Songe d&#8217;une nuit d&#8217;\u00e9t\u00e9<\/strong><br \/>\n<em>Qu\u00e9bec tour<\/em><br \/>\n<em>Coproduction with le Trident<\/em><\/p>\n<p>With this acclaimed audacious reinterpretation of the Shakespeare classic, the FLIP Fabrique artists added an acrobatic layer to the show. The acrobats blended their feats to the love crossovers of this timeless comedy.<\/p>\n<p>Director: Olivier Normand<\/p>\n<div class=\"video-container\"><iframe loading=\"lazy\" title=\"FLIP Fabrique | Le songe d&#039;une nuit d&#039;\u00e9t\u00e9 - Bande annonce\" width=\"500\" height=\"281\" src=\"https:\/\/www.youtube.com\/embed\/z09RqTJFaGM?feature=oembed\" frameborder=\"0\" allow=\"accelerometer; autoplay; clipboard-write; encrypted-media; gyroscope; picture-in-picture; web-share\" referrerpolicy=\"strict-origin-when-cross-origin\" allowfullscreen><\/iframe><\/div>\n<\/div><\/div><\/div>\n","protected":false},"excerpt":{"rendered":"<p>We do circus FLIP Fabrique comes up with high quality fun shows, punctuated by breathtaking and truly elegant performances. Our inventive and dynamic teams know how to generate unforgettable moments coupled with a remarkable ability to have fun and move their audience. We give expression to life from life, from the heart to the heart, [&hellip;]<\/p>\n","protected":false},"author":1,"featured_media":0,"parent":1202,"menu_order":39,"comment_status":"closed","ping_status":"closed","template":"","meta":{"_acf_changed":false,"footnotes":""},"class_list":["post-1205","page","type-page","status-publish","hentry"],"acf":[],"yoast_head":"<!-- This site is optimized with the Yoast SEO plugin v27.2 - https:\/\/yoast.com\/product\/yoast-seo-wordpress\/ -->\n<title>Custom Corporate Event - Flip Fabrique<\/title>\n<meta name=\"description\" content=\"Custom-made circus for your events. FLIP Fabrique creates high quality playful shows for your corporate event, conference, festival and more.\" \/>\n<meta name=\"robots\" content=\"index, follow, max-snippet:-1, max-image-preview:large, max-video-preview:-1\" \/>\n<link rel=\"canonical\" href=\"https:\/\/flipfabrique.com\/en\/industrie\/evenement-special\/\" \/>\n<meta property=\"og:locale\" content=\"en_US\" \/>\n<meta property=\"og:type\" content=\"article\" \/>\n<meta property=\"og:title\" content=\"Custom Corporate Event - Flip Fabrique\" \/>\n<meta property=\"og:description\" content=\"Custom-made circus for your events. FLIP Fabrique creates high quality playful shows for your corporate event, conference, festival and more.\" \/>\n<meta property=\"og:url\" content=\"https:\/\/flipfabrique.com\/en\/industrie\/evenement-special\/\" \/>\n<meta property=\"og:site_name\" content=\"Flip Fabrique\" \/>\n<meta property=\"article:modified_time\" content=\"2025-04-23T18:35:29+00:00\" \/>\n<meta name=\"twitter:card\" content=\"summary_large_image\" \/>\n<script type=\"application\/ld+json\" class=\"yoast-schema-graph\">{\"@context\":\"https:\/\/schema.org\",\"@graph\":[{\"@type\":\"WebPage\",\"@id\":\"https:\/\/flipfabrique.com\/en\/industrie\/evenement-special\/\",\"url\":\"https:\/\/flipfabrique.com\/en\/industrie\/evenement-special\/\",\"name\":\"Custom Corporate Event - Flip Fabrique\",\"isPartOf\":{\"@id\":\"https:\/\/flipfabrique.com\/#website\"},\"datePublished\":\"2018-09-11T17:42:30+00:00\",\"dateModified\":\"2025-04-23T18:35:29+00:00\",\"description\":\"Custom-made circus for your events. FLIP Fabrique creates high quality playful shows for your corporate event, conference, festival and more.\",\"breadcrumb\":{\"@id\":\"https:\/\/flipfabrique.com\/en\/industrie\/evenement-special\/#breadcrumb\"},\"inLanguage\":\"en-US\",\"potentialAction\":[{\"@type\":\"ReadAction\",\"target\":[\"https:\/\/flipfabrique.com\/en\/industrie\/evenement-special\/\"]}]},{\"@type\":\"BreadcrumbList\",\"@id\":\"https:\/\/flipfabrique.com\/en\/industrie\/evenement-special\/#breadcrumb\",\"itemListElement\":[{\"@type\":\"ListItem\",\"position\":1,\"name\":\"Accueil\",\"item\":\"https:\/\/flipfabrique.com\/en\/\"},{\"@type\":\"ListItem\",\"position\":2,\"name\":\"Industry\",\"item\":\"https:\/\/flipfabrique.com\/en\/industrie\/\"},{\"@type\":\"ListItem\",\"position\":3,\"name\":\"Custom Corporate Event\"}]},{\"@type\":\"WebSite\",\"@id\":\"https:\/\/flipfabrique.com\/#website\",\"url\":\"https:\/\/flipfabrique.com\/\",\"name\":\"Flip Fabrique\",\"description\":\"We do circus\",\"potentialAction\":[{\"@type\":\"SearchAction\",\"target\":{\"@type\":\"EntryPoint\",\"urlTemplate\":\"https:\/\/flipfabrique.com\/?s={search_term_string}\"},\"query-input\":{\"@type\":\"PropertyValueSpecification\",\"valueRequired\":true,\"valueName\":\"search_term_string\"}}],\"inLanguage\":\"en-US\"}]}<\/script>\n<!-- \/ Yoast SEO plugin. -->","yoast_head_json":{"title":"Custom Corporate Event - Flip Fabrique","description":"Custom-made circus for your events. FLIP Fabrique creates high quality playful shows for your corporate event, conference, festival and more.","robots":{"index":"index","follow":"follow","max-snippet":"max-snippet:-1","max-image-preview":"max-image-preview:large","max-video-preview":"max-video-preview:-1"},"canonical":"https:\/\/flipfabrique.com\/en\/industrie\/evenement-special\/","og_locale":"en_US","og_type":"article","og_title":"Custom Corporate Event - Flip Fabrique","og_description":"Custom-made circus for your events. FLIP Fabrique creates high quality playful shows for your corporate event, conference, festival and more.","og_url":"https:\/\/flipfabrique.com\/en\/industrie\/evenement-special\/","og_site_name":"Flip Fabrique","article_modified_time":"2025-04-23T18:35:29+00:00","twitter_card":"summary_large_image","schema":{"@context":"https:\/\/schema.org","@graph":[{"@type":"WebPage","@id":"https:\/\/flipfabrique.com\/en\/industrie\/evenement-special\/","url":"https:\/\/flipfabrique.com\/en\/industrie\/evenement-special\/","name":"Custom Corporate Event - Flip Fabrique","isPartOf":{"@id":"https:\/\/flipfabrique.com\/#website"},"datePublished":"2018-09-11T17:42:30+00:00","dateModified":"2025-04-23T18:35:29+00:00","description":"Custom-made circus for your events. FLIP Fabrique creates high quality playful shows for your corporate event, conference, festival and more.","breadcrumb":{"@id":"https:\/\/flipfabrique.com\/en\/industrie\/evenement-special\/#breadcrumb"},"inLanguage":"en-US","potentialAction":[{"@type":"ReadAction","target":["https:\/\/flipfabrique.com\/en\/industrie\/evenement-special\/"]}]},{"@type":"BreadcrumbList","@id":"https:\/\/flipfabrique.com\/en\/industrie\/evenement-special\/#breadcrumb","itemListElement":[{"@type":"ListItem","position":1,"name":"Accueil","item":"https:\/\/flipfabrique.com\/en\/"},{"@type":"ListItem","position":2,"name":"Industry","item":"https:\/\/flipfabrique.com\/en\/industrie\/"},{"@type":"ListItem","position":3,"name":"Custom Corporate Event"}]},{"@type":"WebSite","@id":"https:\/\/flipfabrique.com\/#website","url":"https:\/\/flipfabrique.com\/","name":"Flip Fabrique","description":"We do circus","potentialAction":[{"@type":"SearchAction","target":{"@type":"EntryPoint","urlTemplate":"https:\/\/flipfabrique.com\/?s={search_term_string}"},"query-input":{"@type":"PropertyValueSpecification","valueRequired":true,"valueName":"search_term_string"}}],"inLanguage":"en-US"}]}},"_links":{"self":[{"href":"https:\/\/flipfabrique.com\/en\/wp-json\/wp\/v2\/pages\/1205","targetHints":{"allow":["GET"]}}],"collection":[{"href":"https:\/\/flipfabrique.com\/en\/wp-json\/wp\/v2\/pages"}],"about":[{"href":"https:\/\/flipfabrique.com\/en\/wp-json\/wp\/v2\/types\/page"}],"author":[{"embeddable":true,"href":"https:\/\/flipfabrique.com\/en\/wp-json\/wp\/v2\/users\/1"}],"replies":[{"embeddable":true,"href":"https:\/\/flipfabrique.com\/en\/wp-json\/wp\/v2\/comments?post=1205"}],"version-history":[{"count":6,"href":"https:\/\/flipfabrique.com\/en\/wp-json\/wp\/v2\/pages\/1205\/revisions"}],"predecessor-version":[{"id":32759,"href":"https:\/\/flipfabrique.com\/en\/wp-json\/wp\/v2\/pages\/1205\/revisions\/32759"}],"up":[{"embeddable":true,"href":"https:\/\/flipfabrique.com\/en\/wp-json\/wp\/v2\/pages\/1202"}],"wp:attachment":[{"href":"https:\/\/flipfabrique.com\/en\/wp-json\/wp\/v2\/media?parent=1205"}],"curies":[{"name":"wp","href":"https:\/\/api.w.org\/{rel}","templated":true}]}}