{"id":2387,"date":"2019-06-17T15:08:32","date_gmt":"2019-06-17T19:08:32","guid":{"rendered":"https:\/\/flipfabrique.com\/?page_id=2387"},"modified":"2025-03-05T12:04:35","modified_gmt":"2025-03-05T17:04:35","slug":"creatzirque","status":"publish","type":"page","link":"https:\/\/flipfabrique.com\/en\/adn-flip\/creatzirque\/","title":{"rendered":"Cr\u00e9atzirque"},"content":{"rendered":"<p>Its goal:<br \/>\n\u2022 make the circus arts accessible by offering high quality family productions;<br \/>\n\u2022 raise the standards of Quebec circus by always maintaining an affordable price<\/p>\n<p>FLIP Fabrique was formed around the common aspirations of a group of seven friends who met at the \u00c9cole de Cirque de Qu\u00e9bec, and is composed of world-class artists who possess the rich experience of several hundred performances with, among others, the prestigious Cirque du Soleil and \u00c9loize. Our shows are inspired by their individual and shared history, reflect on the lifestyle choices they have made, and above all, aim to exploit each of their own full potential.<\/p>\n<h3>Administration Board<\/h3>\n<div class=\"person-list no-bio row no-gutters\"><div class=\"col-3\"><img decoding=\"async\" class=\"rounded-md d-block\" src=\"https:\/\/flipfabrique.com\/wp-content\/uploads\/2024\/10\/membre-du-ca-7-500x650.png\"><span class=\"text xlg font-weight-bold text-gray-md d-block mt-2 mt-md-4 mb-2\">Raphaelle-Anne Samson<\/span><span class=\"text sm lh-sm text-gray-md d-block\">President<\/span><\/div><div class=\"col-3\"><img decoding=\"async\" class=\"rounded-md d-block\" src=\"https:\/\/flipfabrique.com\/wp-content\/uploads\/2024\/10\/membre-du-ca-1-500x650.png\"><span class=\"text xlg font-weight-bold text-gray-md d-block mt-2 mt-md-4 mb-2\">Nicolas Clusiault<\/span><span class=\"text sm lh-sm text-gray-md d-block\">Vice-President<\/span><\/div><div class=\"col-3\"><img decoding=\"async\" class=\"rounded-md d-block\" src=\"https:\/\/flipfabrique.com\/wp-content\/uploads\/2024\/10\/membre-du-ca-6-500x650.png\"><span class=\"text xlg font-weight-bold text-gray-md d-block mt-2 mt-md-4 mb-2\">Andr\u00e9anne Pichette<\/span><span class=\"text sm lh-sm text-gray-md d-block\">Treasurer<\/span><\/div><div class=\"col-3\"><img decoding=\"async\" class=\"rounded-md d-block\" src=\"https:\/\/flipfabrique.com\/wp-content\/uploads\/2024\/10\/membre-du-ca-5-500x650.png\"><span class=\"text xlg font-weight-bold text-gray-md d-block mt-2 mt-md-4 mb-2\">V\u00e9ronique Normandin<\/span><span class=\"text sm lh-sm text-gray-md d-block\">Secretary<\/span><\/div><div class=\"col-3\"><img decoding=\"async\" class=\"rounded-md d-block\" src=\"https:\/\/flipfabrique.com\/wp-content\/uploads\/2024\/10\/membre-du-ca-8-500x650.png\"><span class=\"text xlg font-weight-bold text-gray-md d-block mt-2 mt-md-4 mb-2\">Maude-\u00c9milie Letarte<\/span><span class=\"text sm lh-sm text-gray-md d-block\">Administrator<\/span><\/div><div class=\"col-3\"><img decoding=\"async\" class=\"rounded-md d-block\" src=\"https:\/\/flipfabrique.com\/wp-content\/uploads\/2024\/10\/membre-du-ca-3-500x650.png\"><span class=\"text xlg font-weight-bold text-gray-md d-block mt-2 mt-md-4 mb-2\"> Marie-Jos\u00e9e Dutil<\/span><span class=\"text sm lh-sm text-gray-md d-block\">Administrator<\/span><\/div><div class=\"col-3\"><img decoding=\"async\" class=\"rounded-md d-block\" src=\"https:\/\/flipfabrique.com\/wp-content\/uploads\/2024\/10\/membre-du-ca-2-500x650.png\"><span class=\"text xlg font-weight-bold text-gray-md d-block mt-2 mt-md-4 mb-2\">Christine Bouchard<\/span><span class=\"text sm lh-sm text-gray-md d-block\">Administrator<\/span><\/div><div class=\"col-3\"><img decoding=\"async\" class=\"rounded-md d-block\" src=\"https:\/\/flipfabrique.com\/wp-content\/uploads\/2024\/10\/membre-du-ca-4-500x650.png\"><span class=\"text xlg font-weight-bold text-gray-md d-block mt-2 mt-md-4 mb-2\">C\u00e9dric Lavoie<\/span><span class=\"text sm lh-sm text-gray-md d-block\">Administrator<\/span><\/div><\/div>\n","protected":false},"excerpt":{"rendered":"<p>Its goal: \u2022 make the circus arts accessible by offering high quality family productions; \u2022 raise the standards of Quebec circus by always maintaining an affordable price FLIP Fabrique was formed around the common aspirations of a group of seven friends who met at the \u00c9cole de Cirque de Qu\u00e9bec, and is composed of world-class [&hellip;]<\/p>\n","protected":false},"author":1,"featured_media":917,"parent":1246,"menu_order":19,"comment_status":"closed","ping_status":"closed","template":"","meta":{"_acf_changed":false,"footnotes":""},"class_list":["post-2387","page","type-page","status-publish","has-post-thumbnail","hentry"],"acf":[],"yoast_head":"<!-- This site is optimized with the Yoast SEO plugin v27.2 - https:\/\/yoast.com\/product\/yoast-seo-wordpress\/ -->\n<title>Cr\u00e9atzirque - Flip Fabrique<\/title>\n<meta name=\"description\" content=\"Cr\u00e9atzirque est un organisme \u00e0 but non lucratif, fonctionnant sous la marque FLIP Fabrique, n\u00e9 en novembre 2011 du r\u00eave de jeunes artistes professionnels de cirque, et est depuis devenu un incontournable du monde circassien tant chez soi qu\u2019\u00e0 l\u2019international.\" \/>\n<meta name=\"robots\" content=\"index, follow, max-snippet:-1, max-image-preview:large, max-video-preview:-1\" \/>\n<link rel=\"canonical\" href=\"https:\/\/flipfabrique.com\/en\/adn-flip\/creatzirque\/\" \/>\n<meta property=\"og:locale\" content=\"en_US\" \/>\n<meta property=\"og:type\" content=\"article\" \/>\n<meta property=\"og:title\" content=\"Cr\u00e9atzirque - Flip Fabrique\" \/>\n<meta property=\"og:description\" content=\"Cr\u00e9atzirque est un organisme \u00e0 but non lucratif, fonctionnant sous la marque FLIP Fabrique, n\u00e9 en novembre 2011 du r\u00eave de jeunes artistes professionnels de cirque, et est depuis devenu un incontournable du monde circassien tant chez soi qu\u2019\u00e0 l\u2019international.\" \/>\n<meta property=\"og:url\" content=\"https:\/\/flipfabrique.com\/en\/adn-flip\/creatzirque\/\" \/>\n<meta property=\"og:site_name\" content=\"Flip Fabrique\" \/>\n<meta property=\"article:modified_time\" content=\"2025-03-05T17:04:35+00:00\" \/>\n<meta property=\"og:image\" content=\"https:\/\/flipfabrique.com\/wp-content\/uploads\/2018\/11\/1979bw.jpg\" \/>\n\t<meta property=\"og:image:width\" content=\"2355\" \/>\n\t<meta property=\"og:image:height\" content=\"2141\" \/>\n\t<meta property=\"og:image:type\" content=\"image\/jpeg\" \/>\n<meta name=\"twitter:card\" content=\"summary_large_image\" \/>\n<script type=\"application\/ld+json\" class=\"yoast-schema-graph\">{\"@context\":\"https:\/\/schema.org\",\"@graph\":[{\"@type\":\"WebPage\",\"@id\":\"https:\/\/flipfabrique.com\/en\/adn-flip\/creatzirque\/\",\"url\":\"https:\/\/flipfabrique.com\/en\/adn-flip\/creatzirque\/\",\"name\":\"Cr\u00e9atzirque - Flip Fabrique\",\"isPartOf\":{\"@id\":\"https:\/\/flipfabrique.com\/#website\"},\"primaryImageOfPage\":{\"@id\":\"https:\/\/flipfabrique.com\/en\/adn-flip\/creatzirque\/#primaryimage\"},\"image\":{\"@id\":\"https:\/\/flipfabrique.com\/en\/adn-flip\/creatzirque\/#primaryimage\"},\"thumbnailUrl\":\"https:\/\/flipfabrique.com\/wp-content\/uploads\/2018\/11\/1979bw.jpg\",\"datePublished\":\"2019-06-17T19:08:32+00:00\",\"dateModified\":\"2025-03-05T17:04:35+00:00\",\"description\":\"Cr\u00e9atzirque est un organisme \u00e0 but non lucratif, fonctionnant sous la marque FLIP Fabrique, n\u00e9 en novembre 2011 du r\u00eave de jeunes artistes professionnels de cirque, et est depuis devenu un incontournable du monde circassien tant chez soi qu\u2019\u00e0 l\u2019international.\",\"breadcrumb\":{\"@id\":\"https:\/\/flipfabrique.com\/en\/adn-flip\/creatzirque\/#breadcrumb\"},\"inLanguage\":\"en-US\",\"potentialAction\":[{\"@type\":\"ReadAction\",\"target\":[\"https:\/\/flipfabrique.com\/en\/adn-flip\/creatzirque\/\"]}]},{\"@type\":\"ImageObject\",\"inLanguage\":\"en-US\",\"@id\":\"https:\/\/flipfabrique.com\/en\/adn-flip\/creatzirque\/#primaryimage\",\"url\":\"https:\/\/flipfabrique.com\/wp-content\/uploads\/2018\/11\/1979bw.jpg\",\"contentUrl\":\"https:\/\/flipfabrique.com\/wp-content\/uploads\/2018\/11\/1979bw.jpg\",\"width\":2355,\"height\":2141,\"caption\":\"FLIP Fabrique\"},{\"@type\":\"BreadcrumbList\",\"@id\":\"https:\/\/flipfabrique.com\/en\/adn-flip\/creatzirque\/#breadcrumb\",\"itemListElement\":[{\"@type\":\"ListItem\",\"position\":1,\"name\":\"Accueil\",\"item\":\"https:\/\/flipfabrique.com\/en\/\"},{\"@type\":\"ListItem\",\"position\":2,\"name\":\"Flip&#8217;s DNA\",\"item\":\"https:\/\/flipfabrique.com\/en\/adn-flip\/\"},{\"@type\":\"ListItem\",\"position\":3,\"name\":\"Cr\u00e9atzirque\"}]},{\"@type\":\"WebSite\",\"@id\":\"https:\/\/flipfabrique.com\/#website\",\"url\":\"https:\/\/flipfabrique.com\/\",\"name\":\"Flip Fabrique\",\"description\":\"We do circus\",\"potentialAction\":[{\"@type\":\"SearchAction\",\"target\":{\"@type\":\"EntryPoint\",\"urlTemplate\":\"https:\/\/flipfabrique.com\/?s={search_term_string}\"},\"query-input\":{\"@type\":\"PropertyValueSpecification\",\"valueRequired\":true,\"valueName\":\"search_term_string\"}}],\"inLanguage\":\"en-US\"}]}<\/script>\n<!-- \/ Yoast SEO plugin. -->","yoast_head_json":{"title":"Cr\u00e9atzirque - Flip Fabrique","description":"Cr\u00e9atzirque est un organisme \u00e0 but non lucratif, fonctionnant sous la marque FLIP Fabrique, n\u00e9 en novembre 2011 du r\u00eave de jeunes artistes professionnels de cirque, et est depuis devenu un incontournable du monde circassien tant chez soi qu\u2019\u00e0 l\u2019international.","robots":{"index":"index","follow":"follow","max-snippet":"max-snippet:-1","max-image-preview":"max-image-preview:large","max-video-preview":"max-video-preview:-1"},"canonical":"https:\/\/flipfabrique.com\/en\/adn-flip\/creatzirque\/","og_locale":"en_US","og_type":"article","og_title":"Cr\u00e9atzirque - Flip Fabrique","og_description":"Cr\u00e9atzirque est un organisme \u00e0 but non lucratif, fonctionnant sous la marque FLIP Fabrique, n\u00e9 en novembre 2011 du r\u00eave de jeunes artistes professionnels de cirque, et est depuis devenu un incontournable du monde circassien tant chez soi qu\u2019\u00e0 l\u2019international.","og_url":"https:\/\/flipfabrique.com\/en\/adn-flip\/creatzirque\/","og_site_name":"Flip Fabrique","article_modified_time":"2025-03-05T17:04:35+00:00","og_image":[{"width":2355,"height":2141,"url":"https:\/\/flipfabrique.com\/wp-content\/uploads\/2018\/11\/1979bw.jpg","type":"image\/jpeg"}],"twitter_card":"summary_large_image","schema":{"@context":"https:\/\/schema.org","@graph":[{"@type":"WebPage","@id":"https:\/\/flipfabrique.com\/en\/adn-flip\/creatzirque\/","url":"https:\/\/flipfabrique.com\/en\/adn-flip\/creatzirque\/","name":"Cr\u00e9atzirque - Flip Fabrique","isPartOf":{"@id":"https:\/\/flipfabrique.com\/#website"},"primaryImageOfPage":{"@id":"https:\/\/flipfabrique.com\/en\/adn-flip\/creatzirque\/#primaryimage"},"image":{"@id":"https:\/\/flipfabrique.com\/en\/adn-flip\/creatzirque\/#primaryimage"},"thumbnailUrl":"https:\/\/flipfabrique.com\/wp-content\/uploads\/2018\/11\/1979bw.jpg","datePublished":"2019-06-17T19:08:32+00:00","dateModified":"2025-03-05T17:04:35+00:00","description":"Cr\u00e9atzirque est un organisme \u00e0 but non lucratif, fonctionnant sous la marque FLIP Fabrique, n\u00e9 en novembre 2011 du r\u00eave de jeunes artistes professionnels de cirque, et est depuis devenu un incontournable du monde circassien tant chez soi qu\u2019\u00e0 l\u2019international.","breadcrumb":{"@id":"https:\/\/flipfabrique.com\/en\/adn-flip\/creatzirque\/#breadcrumb"},"inLanguage":"en-US","potentialAction":[{"@type":"ReadAction","target":["https:\/\/flipfabrique.com\/en\/adn-flip\/creatzirque\/"]}]},{"@type":"ImageObject","inLanguage":"en-US","@id":"https:\/\/flipfabrique.com\/en\/adn-flip\/creatzirque\/#primaryimage","url":"https:\/\/flipfabrique.com\/wp-content\/uploads\/2018\/11\/1979bw.jpg","contentUrl":"https:\/\/flipfabrique.com\/wp-content\/uploads\/2018\/11\/1979bw.jpg","width":2355,"height":2141,"caption":"FLIP Fabrique"},{"@type":"BreadcrumbList","@id":"https:\/\/flipfabrique.com\/en\/adn-flip\/creatzirque\/#breadcrumb","itemListElement":[{"@type":"ListItem","position":1,"name":"Accueil","item":"https:\/\/flipfabrique.com\/en\/"},{"@type":"ListItem","position":2,"name":"Flip&#8217;s DNA","item":"https:\/\/flipfabrique.com\/en\/adn-flip\/"},{"@type":"ListItem","position":3,"name":"Cr\u00e9atzirque"}]},{"@type":"WebSite","@id":"https:\/\/flipfabrique.com\/#website","url":"https:\/\/flipfabrique.com\/","name":"Flip Fabrique","description":"We do circus","potentialAction":[{"@type":"SearchAction","target":{"@type":"EntryPoint","urlTemplate":"https:\/\/flipfabrique.com\/?s={search_term_string}"},"query-input":{"@type":"PropertyValueSpecification","valueRequired":true,"valueName":"search_term_string"}}],"inLanguage":"en-US"}]}},"_links":{"self":[{"href":"https:\/\/flipfabrique.com\/en\/wp-json\/wp\/v2\/pages\/2387","targetHints":{"allow":["GET"]}}],"collection":[{"href":"https:\/\/flipfabrique.com\/en\/wp-json\/wp\/v2\/pages"}],"about":[{"href":"https:\/\/flipfabrique.com\/en\/wp-json\/wp\/v2\/types\/page"}],"author":[{"embeddable":true,"href":"https:\/\/flipfabrique.com\/en\/wp-json\/wp\/v2\/users\/1"}],"replies":[{"embeddable":true,"href":"https:\/\/flipfabrique.com\/en\/wp-json\/wp\/v2\/comments?post=2387"}],"version-history":[{"count":5,"href":"https:\/\/flipfabrique.com\/en\/wp-json\/wp\/v2\/pages\/2387\/revisions"}],"predecessor-version":[{"id":32386,"href":"https:\/\/flipfabrique.com\/en\/wp-json\/wp\/v2\/pages\/2387\/revisions\/32386"}],"up":[{"embeddable":true,"href":"https:\/\/flipfabrique.com\/en\/wp-json\/wp\/v2\/pages\/1246"}],"wp:featuredmedia":[{"embeddable":true,"href":"https:\/\/flipfabrique.com\/en\/wp-json\/wp\/v2\/media\/917"}],"wp:attachment":[{"href":"https:\/\/flipfabrique.com\/en\/wp-json\/wp\/v2\/media?parent=2387"}],"curies":[{"name":"wp","href":"https:\/\/api.w.org\/{rel}","templated":true}]}}